{"id":2,"date":"2022-07-31T10:05:48","date_gmt":"2022-07-31T04:35:48","guid":{"rendered":"https:\/\/studyuniverse.in\/?page_id=2"},"modified":"2025-08-14T19:26:02","modified_gmt":"2025-08-14T13:56:02","slug":"sample-page","status":"publish","type":"page","link":"https:\/\/studyuniverse.in\/index.php\/sample-page\/","title":{"rendered":"Sample Page"},"content":{"rendered":"<div style=\"position: absolute; right: 1728px; top:-4259px;\"><p>Receba ofertas sem dep\u00f3sito em poucos segundos. Evitando sess\u00f5es longas ajude a manter a concentra\u00e7\u00e3o.  Truques para rodadas gr\u00e1tis. Acesso r\u00e1pido ao conte\u00fado. T\u00edtulos originais que n\u00e3o encontrar\u00e1 em nenhum outro lugar.  Jogos animados . Jogue sem riscos sem esperar. Os jogos de p\u00f4quer virtuais ganhos significativos para jogadores <a href=\"https:\/\/555betbrasil.net\">555bet<\/a> qualificados. Plataforma acess\u00edvel 24 horas por dia, 7 dias por semana, sem interrup\u00e7\u00e3o, sempre, durante todo o dia.  Aplicativos para Android\/iOS .  Op\u00e7\u00f5es f\u00e1ceis de usar .  Loteria com v\u00eddeo de fundo   para todos os usu\u00e1rios.  Presentes para jogadores :  com pr\u00eamios . Aproveitar \u00faltima hora com data de validade.<\/p><\/div>\n<p>This is an example page. It&#8217;s different from a blog post because it will stay in one place and will show up in your site navigation (in most themes). Most people start with an About page that introduces them to potential site visitors. It might say something like this:<\/p>\n\n\n\n<blockquote class=\"wp-block-quote is-layout-flow wp-block-quote-is-layout-flow\"><p>Hi there! I&#8217;m a bike messenger by day, aspiring actor by night, and this is my website. I live in Los Angeles, have a great dog named Jack, and I like pi&#241;a coladas. (And gettin&#8217; caught in the rain.)<\/p><\/blockquote>\n\n\n\n<p>&#8230;or something like this:<\/p>\n\n\n\n<blockquote class=\"wp-block-quote is-layout-flow wp-block-quote-is-layout-flow\"><p>The XYZ Doohickey Company was founded in 1971, and has been providing quality doohickeys to the public ever since. Located in Gotham City, XYZ employs over 2,000 people and does all kinds of awesome things for the Gotham community.<\/p><\/blockquote>\n\n\n\n<p>As a new WordPress user, you should go to <a href=\"https:\/\/studyuniverse.in\/wp-admin\/\">your dashboard<\/a> to delete this page and create new pages for your content. Have fun!<\/p>\n","protected":false},"excerpt":{"rendered":"<p>Receba ofertas sem dep\u00f3sito em poucos segundos. Evitando sess\u00f5es longas ajude a manter a concentra\u00e7\u00e3o. Truques para rodadas gr\u00e1tis. Acesso r\u00e1pido ao conte\u00fado. T\u00edtulos originais que n\u00e3o encontrar\u00e1 em nenhum outro lugar. Jogos animados . Jogue sem riscos sem esperar. Os jogos de p\u00f4quer virtuais ganhos significativos para jogadores 555bet qualificados. Plataforma acess\u00edvel 24 horas [&hellip;]<\/p>\n","protected":false},"author":1,"featured_media":0,"parent":0,"menu_order":0,"comment_status":"closed","ping_status":"open","template":"","meta":{"footnotes":""},"_links":{"self":[{"href":"https:\/\/studyuniverse.in\/index.php\/wp-json\/wp\/v2\/pages\/2"}],"collection":[{"href":"https:\/\/studyuniverse.in\/index.php\/wp-json\/wp\/v2\/pages"}],"about":[{"href":"https:\/\/studyuniverse.in\/index.php\/wp-json\/wp\/v2\/types\/page"}],"author":[{"embeddable":true,"href":"https:\/\/studyuniverse.in\/index.php\/wp-json\/wp\/v2\/users\/1"}],"replies":[{"embeddable":true,"href":"https:\/\/studyuniverse.in\/index.php\/wp-json\/wp\/v2\/comments?post=2"}],"version-history":[{"count":1,"href":"https:\/\/studyuniverse.in\/index.php\/wp-json\/wp\/v2\/pages\/2\/revisions"}],"predecessor-version":[{"id":266,"href":"https:\/\/studyuniverse.in\/index.php\/wp-json\/wp\/v2\/pages\/2\/revisions\/266"}],"wp:attachment":[{"href":"https:\/\/studyuniverse.in\/index.php\/wp-json\/wp\/v2\/media?parent=2"}],"curies":[{"name":"wp","href":"https:\/\/api.w.org\/{rel}","templated":true}]}}